{"id":4112,"date":"2018-11-23T09:59:00","date_gmt":"2018-11-23T07:59:00","guid":{"rendered":"http:\/\/www.konficastle.de\/mansfeld\/?page_id=4112"},"modified":"2019-01-15T15:56:56","modified_gmt":"2019-01-15T13:56:56","slug":"datenschutz","status":"publish","type":"page","link":"https:\/\/www.konficastle.de\/mansfeld\/datenschutz\/","title":{"rendered":"Datenschutz"},"content":{"rendered":"<p><span style=\"font-family: Source Sans Pro, serif;\"><b>Datenschutzerkl\u00e4rung des CVJM Sachsen-Anhalt<\/b><\/span><\/p>\n<p><span style=\"font-family: Source Sans Pro, serif;\"><b>I. Allgemeines<\/b><\/span><span style=\"font-family: Source Sans Pro, serif;\"><br \/>\nWir, der CVJM Landesverband Sachsen-Anhalt (im Folgenden \u201eCVJM\u201c oder \u201ewir\u201c genannt), nehmen den Schutz Ihrer personenbezogenen Daten und die diesem Schutz dienenden gesetzlichen Verpflichtungen ernst. Die gesetzlichen Vorgaben verlangen umfassende Transparenz \u00fcber die Verarbeitung personenbezogener Daten. Nur wenn die Verarbeitung f\u00fcr Sie als betroffene Person nachvollziehbar ist, sind Sie ausreichend \u00fcber den Sinn, Zweck und Umfang der Verarbeitung informiert. Unsere Datenschutzerkl\u00e4rung erkl\u00e4rt Ihnen deshalb ausf\u00fchrlich, welche sog. personenbezogenen Daten von uns bei der Nutzung der Website <a href=\"https:\/\/www.cvjm-sachsen-anhalt.de\">www.cvjm-sachsen-anhalt.de<\/a> verarbeitet werden.<\/span><\/p>\n<p><span style=\"font-family: Times New Roman, serif;\"><span style=\"font-size: medium;\"><span style=\"font-family: Source Sans Pro, serif;\"><span style=\"font-size: small;\"><b>1. Name und Anschrift der verantwortlichen Stelle<\/b><\/span><\/span><span style=\"font-family: Source Sans Pro, serif;\"><span style=\"font-size: small;\"><br \/>\nDie verantwortliche Stelle f\u00fcr diese Website im Sinne des Kirchengesetzes \u00fcber den Datenschutz der Evangelischen Kirche in Deutschland (DSG-EKD) ist:<\/span><\/span><\/span><\/span><\/p>\n<p><span style=\"font-family: Times New Roman, serif;\"><span style=\"font-size: medium;\"><span style=\"font-family: Source Sans Pro, serif;\"><span style=\"font-size: small;\">CVJM Landesverband Sachsen-Anhalt e.V.<br \/>\nGeneralsekret\u00e4r*in: n.n.<br \/>\nVorstandsvorsitzender: Friedhelm Fitz<br \/>\nSt.-Michael-Stra\u00dfe 46<br \/>\n39112 Magdeburg<\/span><\/span><\/span><\/span><\/p>\n<p><span style=\"font-family: Times New Roman, serif;\"><span style=\"font-size: medium;\"><span style=\"font-family: Source Sans Pro, serif;\"><span style=\"font-size: small;\">Telefon: 0391-280 334-0<br \/>\nE-Mail: <a href=\"mailto:info@cvjm-sachsen-anhalt.de\">info@cvjm-sachsen-anhalt.de<\/a><\/span><\/span><\/span><\/span><\/p>\n<p><span style=\"font-family: Source Sans Pro, serif;\"><b>2. \u00d6rtlich Beauftragte f\u00fcr den Datenschutz<\/b><\/span><span style=\"font-family: Source Sans Pro, serif;\"><br \/>\nDie \u00f6rtlich Beauftragte f\u00fcr den Datenschutz der verantwortlichen Stelle ist:<\/span><\/p>\n<p><span style=\"font-family: Times New Roman, serif;\"><span style=\"font-size: medium;\"><span style=\"font-family: Source Sans Pro, serif;\"><span style=\"font-size: small;\">Uwe Lange<br \/>\nDatenschutz-Service Mitteldeutschland<br \/>\nJordanstra\u00dfe 4<br \/>\n39112 Magdeburg<\/span><\/span><\/span><\/span><\/p>\n<p><span style=\"font-family: Times New Roman, serif;\"><span style=\"font-size: medium;\"><span style=\"font-family: Source Sans Pro, serif;\"><span style=\"font-size: small;\">Telefon: 0391-7380997<br \/>\nE-Mail: <a href=\"mailto:lange@dss-md.de\">lange@dss-md.de<\/a>&nbsp;<\/span><\/span><\/span><\/span><\/p>\n<p><span style=\"font-family: Source Sans Pro, serif;\"><b>II. Allgemeine Informationen zur Datenverarbeitung<\/b><\/span><\/p>\n<p><span style=\"font-family: Source Sans Pro, serif;\">Wir verarbeiten personenbezogene Daten nur, soweit dies gesetzlich zul\u00e4ssig ist. Eine Weitergabe personenbezogener Daten findet ausschlie\u00dflich in den unten beschriebenen F\u00e4llen statt.<\/span><\/p>\n<p><span style=\"font-family: Source Sans Pro, serif;\">Die personenbezogenen Daten werden gel\u00f6scht oder durch technische und organisatorische Ma\u00dfnahmen (z.B. Pseudonymisierung, Verschl\u00fcsselung) gesch\u00fctzt, sobald sie f\u00fcr die Zwecke der Verarbeitung nicht mehr notwendig sind. Die L\u00f6schung erfolgt auch dann, wenn eine vorgeschriebene Speicherfrist abl\u00e4uft, es sei denn, dass eine Erforderlichkeit zur weiteren Speicherung der personenbezogenen Daten besteht.<\/span><\/p>\n<p><span style=\"font-family: Source Sans Pro, serif;\">Sofern wir nicht gesetzlich zu einer l\u00e4ngeren Speicherung oder einer Weitergabe an Dritte (insbesondere Strafverfolgungsbeh\u00f6rden) verpflichtet sind, h\u00e4ngt die Entscheidung welche personenbezogenen Daten von uns erhoben werden, wie lange sie gespeichert werden und in welchem Umfang Sie sie ggf. offenlegen m\u00fcssen, davon ab, welche Funktionen der Website Sie im Einzelfall nutzen.<\/span><\/p>\n<p>&nbsp;<\/p>\n<p><span style=\"font-family: Source Sans Pro, serif;\"><b>III. Bereitstellung der Website<\/b><\/span><\/p>\n<p><span style=\"font-family: Source Sans Pro, serif;\"><b>1. Allgemeines<\/b><\/span><span style=\"font-family: Source Sans Pro, serif;\"><br \/>\nBei jedem Aufruf unserer Internetseite erfasst unser System automatisiert Daten und Informationen vom Computersystem des aufrufenden Rechners.<br \/>\nFolgende Daten werden hierbei erhoben:<\/span><\/p>\n<ul>\n<li><span style=\"font-family: Source Sans Pro, serif;\">Informationen \u00fcber den Browsertyp und die verwendete Version<\/span><\/li>\n<li><span style=\"font-family: Source Sans Pro, serif;\">verwendetes Betriebssystem<\/span><\/li>\n<li><span style=\"font-family: Source Sans Pro, serif;\">Internet-Service-Provider des Nutzers<\/span><\/li>\n<li><span style=\"font-family: Source Sans Pro, serif;\">IP-Adresse Ihres Endger\u00e4tes<\/span><\/li>\n<li><span style=\"font-family: Source Sans Pro, serif;\">Datum und Uhrzeit des Zugriffs<\/span><\/li>\n<li><span style=\"font-family: Source Sans Pro, serif;\">Websites, von denen das System des Nutzers auf unsere Internetseite gelangt<\/span><\/li>\n<li><span style=\"font-family: Source Sans Pro, serif;\">Websites, die vom System des Nutzers \u00fcber unsere Website aufgerufen werden<\/span><\/li>\n<\/ul>\n<p><span style=\"font-family: Source Sans Pro, serif;\">Diese Informationen werden von Ihrem Browser \u00fcbermittelt, sofern Sie ihn nicht so konfiguriert haben, dass die \u00dcbermittlung der Informationen unterdr\u00fcckt wird. Dar\u00fcber hinaus wird Ihre IP-Adresse an Drittanbieter \u00fcbermittelt, deren Funktionen auf unserer Website von deren Servern abgerufen werden.<\/span><\/p>\n<p><span style=\"font-family: Source Sans Pro, serif;\">Die Verarbeitung dieser personenbezogenen Daten erfolgt aus Zwecken der Funktionsf\u00e4higkeit und Optimierung der Website, sowie zur Gew\u00e4hrleistung der Sicherheit unserer informationstechnischen Systeme. Dies dient der Erf\u00fcllung unserer Aufgaben und stellt zugleich ein kirchliches Interesse dar, weswegen die Verarbeitung nach \u00a7 6 Nr. 3, 4 DSG-EKD zul\u00e4ssig ist.<\/span><\/p>\n<p><span style=\"font-family: Source Sans Pro, serif;\">Die personenbezogenen Daten werden gel\u00f6scht, sobald sie f\u00fcr die Erreichung des Zweckes ihrer Erhebung nicht mehr erforderlich sind. Im Falle der Erfassung der personenbezogenen Daten zur Bereitstellung der Website ist dies der Fall, wenn die jeweilige Sitzung beendet ist.<\/span><\/p>\n<p><span style=\"font-family: Source Sans Pro, serif;\"><b>2. Cookies<\/b><\/span><span style=\"font-family: Source Sans Pro, serif;\"><br \/>\nUnsere Website verwendet Cookies. Das sind kleine Textdateien, die Ihr Webbrowser auf Ihrem Endger\u00e4t speichert. Cookies helfen uns dabei, unser Angebot nutzerfreundlicher, effektiver und sicherer zu machen.<\/span><\/p>\n<p><span style=\"font-family: Source Sans Pro, serif;\"><span lang=\"en-US\">Einige Cookies sind \u201cSession-Cookies\u201d. <\/span><\/span><span style=\"font-family: Source Sans Pro, serif;\">Solche Cookies werden nach Ende Ihrer Browser-Sitzung von selbst gel\u00f6scht. Hingegen bleiben andere Cookies auf Ihrem Endger\u00e4t bestehen, bis Sie diese selbst l\u00f6schen. Solche Cookies helfen uns, Sie bei R\u00fcckkehr auf unserer Website wiederzuerkennen.<\/span><\/p>\n<p><span style=\"font-family: Source Sans Pro, serif;\">Mit einem modernen Webbrowser k\u00f6nnen Sie das Setzen von Cookies \u00fcberwachen, einschr\u00e4nken oder unterbinden. Viele Webbrowser lassen sich so konfigurieren, dass Cookies mit dem Schlie\u00dfen des Programms von selbst gel\u00f6scht werden. Die Deaktivierung von Cookies kann eine eingeschr\u00e4nkte Funktionalit\u00e4t unserer Website zur Folge haben.<\/span><\/p>\n<p><span style=\"font-family: Source Sans Pro, serif;\">Das Setzen von Cookies, die zur Aus\u00fcbung elektronischer Kommunikationsvorg\u00e4nge oder der Bereitstellung bestimmter, von Ihnen erw\u00fcnschter Funktionen (z.B. Warenkorb) notwendig sind, erfolgt auf Grundlage von \u00a7 6 Nr. 4 DSG-EKD. Als Betreiber dieser Website haben wir ein berechtigtes Interesse an der Speicherung von Cookies zur technisch fehlerfreien und reibungslosen Bereitstellung unserer Dienste. Sofern die Setzung anderer Cookies (z.B. f\u00fcr Analyse-Funktionen) erfolgt, werden diese in dieser Datenschutzerkl\u00e4rung separat behandelt.<\/span><\/p>\n<p><span style=\"font-family: Source Sans Pro, serif;\"><b>3. YouTube<\/b><\/span><span style=\"font-family: Source Sans Pro, serif;\"><br \/>\nTeile unserer Website nutzen zur Darstellung von Video-Inhalten die Dienste der YouTube, LLC, 901 Cherry Ave., San Bruno, CA 94066, USA (im Folgenden \u201eYouTube\u201c genannt). Beim Aufruf der entsprechenden Seite l\u00e4dt ihr Browser den zur Anzeige des Videos notwendigen Code von YouTube. Zu diesem Zweck muss der von Ihnen verwendete Browser Verbindung zu den Servern von YouTube aufnehmen. Hierdurch erlangt YouTube Kenntnis dar\u00fcber, dass \u00fcber Ihre IP-Adresse unsere Website aufgerufen wurde. Zugleich kann YouTube Cookies auf Ihrem Endger\u00e4t ablegen, sofern Sie nicht die Verwendung von Cookies in Ihrem Browser untersagt haben, oder Cookies auslesen.<\/span><\/p>\n<p><span style=\"font-family: Source Sans Pro, serif;\">Die Nutzung der YouTube-Plugins erfolgt zum Zweck einer ansprechenden Gestaltung unserer Website und um die Darstellung von Videoinhalten zu erm\u00f6glichen. Dies stellt ein kirchliches Interesse im Sinne von \u00a7 6 Nr.&nbsp;3, 4 DSG-EKD dar. Die Daten\u00fcbertragung in die USA erfolgt gem\u00e4\u00df des Durchf\u00fchrungsbeschlusses (EU) 2016\/1250 der EU-Kommission (EU-US-Datenschutzschild).<\/span><\/p>\n<p><span style=\"font-family: Source Sans Pro, serif;\">Ihre IP-Adresse wird von uns erhoben, um die \u00dcbermittlung an YouTube zu erm\u00f6glichen. Sie sind zur Bereitstellung dieser personenbezogenen Daten nicht verpflichtet, eine Nutzung der betroffenen Teile unserer Website ist ohne die Bereitstellung jedoch nicht m\u00f6glich.<\/span><\/p>\n<p><span style=\"font-family: Source Sans Pro, serif;\">Wenn Sie nicht m\u00f6chten, dass YouTube die \u00fcber unsere Website gesammelten personenbezogenen Daten Ihrem YouTube-Konto zuordnet, m\u00fcssen Sie sich vor Ihrem Besuch unserer Website bei YouTube ausloggen. Weitere Informationen zu YouTube finden Sie unter <\/span><a href=\"https:\/\/www.youtube.com\/intl\/de\/yt\/about\/\"><span style=\"color: #0000ff;\"><span style=\"font-family: Source Sans Pro, serif;\"><u>https:\/\/www.youtube.com\/intl\/de\/yt\/about\/<\/u><\/span><\/span><\/a><span style=\"font-family: Source Sans Pro, serif;\">. Die Datenschutzerkl\u00e4rung von YouTube finden Sie als Teil der Datenschutzerkl\u00e4rung von Google unter <\/span><a href=\"https:\/\/www.google.com\/policies\/privacy\/\"><span style=\"color: #0000ff;\"><span style=\"font-family: Source Sans Pro, serif;\"><u>https:\/\/www.google.com\/policies\/privacy\/<\/u><\/span><\/span><\/a><span style=\"font-family: Source Sans Pro, serif;\">.<\/span><\/p>\n<p><span style=\"font-family: Source Sans Pro, serif;\"><b>4. Kontaktaufnahme per E-Mail<\/b><\/span><span style=\"font-family: Source Sans Pro, serif;\"><br \/>\nWenn Sie uns eine E-Mail schreiben, werden die von Ihnen dort angegebenen personenbezogenen Daten von uns verarbeitet. Diese Informationen werden von Ihrem E-Mailclient \u00fcbermittelt und in unseren informationstechnischen Systemen gespeichert. Die Verarbeitung dieser personenbezogenen Daten ist notwendig f\u00fcr die Beantwortung Ihrer Anfrage. Zus\u00e4tzlich werden Ihre IP-Adresse und Datum und Uhrzeit der Kontaktaufnahme gespeichert.<\/span><\/p>\n<p><span style=\"font-family: Source Sans Pro, serif;\">Die Datenverarbeitung dient der Beantwortung Ihrer Anfrage und um die Sicherheit unserer informationstechnischen Systeme zu gew\u00e4hrleisten. Diese Verarbeitung ist gem\u00e4\u00df \u00a7 6 Nr.&nbsp;3, 4 DSG-EKD rechtm\u00e4\u00dfig, weil die Beantwortung Ihrer Anfrage der Erf\u00fcllung unserer Aufgaben dient und zugleich ein kirchliches Interesse darstellt.<br \/>\nSofern eine betroffene Person per E-Mail den Kontakt mit dem f\u00fcr die Verarbeitung Verantwortlichen aufnimmt, werden die von der betroffenen Person \u00fcbermittelten personenbezogenen Daten automatisch gespeichert. Solche auf freiwilliger Basis von einer betroffenen Person an den f\u00fcr die Verarbeitung Verantwortlichen \u00fcbermittelten personenbezogenen Daten werden f\u00fcr Zwecke der Bearbeitung oder der Kontaktaufnahme zur betroffenen Person gespeichert. Es erfolgt keine Weitergabe dieser personenbezogenen Daten an Dritte.<\/span><\/p>\n<p class=\"western\"><span style=\"font-family: Source Sans Pro, serif;\"><span style=\"font-family: Source Sans Pro, serif;\"><strong>5. Daten\u00fcbermittlung bei Vertragsschluss f\u00fcr Online-Shops, H\u00e4ndler und Warenversand<\/strong><br \/>\n<\/span><\/span><span style=\"font-family: Source Sans Pro, serif;\"><span style=\"font-family: Source Sans Pro, serif;\">Personenbezogene Daten werden nur an Dritte nur \u00fcbermittelt, sofern eine Notwendigkeit im Rahmen der Vertragsabwicklung besteht. Dritte k\u00f6nnen beispielsweise Bezahldienstleister oder Logistikunternehmen sein. Eine weitergehende \u00dcbermittlung der Daten findet nicht statt bzw. nur dann, wenn Sie dieser ausdr\u00fccklich zugestimmt haben.<\/span><\/span><\/p>\n<p><span style=\"font-family: Source Sans Pro, serif;\">Grundlage f\u00fcr die Datenverarbeitung ist \u00a7 6 Nr.&nbsp;5 DSG-EKD, der die Verarbeitung von Daten zur Erf\u00fcllung eines Vertrags oder vorvertraglicher Ma\u00dfnahmen gestattet.<\/span><\/p>\n<p><span style=\"font-family: Source Sans Pro, serif;\"><b>6. Matomo<\/b><\/span><span style=\"font-family: Source Sans Pro, serif;\"><br \/>\nWenn Sie unsere Webseite aufrufen, wird ein Plugin namens Matomo (ehemals Piwik) zur statistischen Auswertung der Nutzung der Website geladen. Es handelt sich bei Matomo um ein Plugin, das auf unserem Server betrieben wird. Matomo verwendet Cookies, die auf Ihrem Endger\u00e4t gespeichert werden, sofern Sie nicht die Verwendung von Cookies in Ihrem Browser untersagt haben, und die eine Analyse der Benutzung der Website durch Sie erm\u00f6glichen.<\/span><\/p>\n<p><span style=\"font-family: Source Sans Pro, serif;\">Die Nutzung des Matomo-Plugins erfolgt zu Zwecken der wirtschaftlichen Optimierung und bedarfsgerechten Gestaltung unserer Website. Dies stellt ein kirchliches Interesse im Sinne von \u00a7 6 Nr.&nbsp;4 DSG-EKD dar.<\/span><\/p>\n<p><span style=\"font-family: Source Sans Pro, serif;\">Ihre IP-Adresse wird unmittelbar nach der Erhebung durch uns anonymisiert, indem Teile der IP-Adresse bei der Speicherung durch F\u00fcllzeichen (\u201ex\u201c) ersetzt werden (sog. IP-Masking). Danach ist eine Zuordnung der IP-Adresse zu Ihnen nicht mehr m\u00f6glich. Eine Daten\u00fcbertragung an Dritte erfolgt nicht. Sie sind zur Bereitstellung dieser personenbezogenen Daten nicht verpflichtet, eine Nutzung unserer Website ist ohne die Bereitstellung m\u00f6glich. Wenn Sie den folgenden Haken entfernen, wird Matomo Ihr Nutzungsverhalten auf unserer Website ebenfalls nicht weiter erfassen.<\/span><\/p>\n<p><span style=\"font-family: Source Sans Pro, serif;\">Die Datenschutzerkl\u00e4rung von Matomo finden Sie unter <\/span><a href=\"https:\/\/matomo.org\/privacy-policy\/\"><span style=\"color: #0000ff;\"><span style=\"font-family: Source Sans Pro, serif;\"><u>https:\/\/matomo.org\/privacy-policy\/<\/u><\/span><\/span><\/a><span style=\"font-family: Source Sans Pro, serif;\">.<\/span><\/p>\n<p><span style=\"font-family: Source Sans Pro, serif;\">Sie k\u00f6nnen sich hier entscheiden, ob in Ihrem Browser ein eindeutiger Webanalyse-Cookie abgelegt werden darf, um dem Betreiber der Website die Erfassung und Analyse verschiedener statistischer Daten zu erm\u00f6glichen. Wenn Sie sich dagegen entscheiden m\u00f6chten, klicken Sie den folgenden Link, um den Matomo-Deaktivierungs-Cookie in Ihrem Browser abzulegen.<\/span><\/p>\n<p><span style=\"font-family: Source Sans Pro, serif;\"><b>Widerspruch:<\/b><\/span><\/p>\n<p><iframe loading=\"lazy\" src=\"https:\/\/piwik.cvjm-sachsen-anhalt.de\/index.php?module=CustomOptOut&amp;action=optOut&amp;idSite=1&amp;language=de\" data-mce-fragment=\"1\" width=\"300\" height=\"150\"><\/iframe><\/p>\n<p class=\"western\"><strong><span style=\"font-family: Source\\ Sans\\ Pro, serif;\">7. Google Web Fonts<br \/>\n<\/span><\/strong><span style=\"font-family: Source\\ Sans\\ Pro, serif;\"><span style=\"font-family: Source\\ Sans\\ Pro, serif;\">Diese Seite nutzt zur einheitlichen Darstellung von Schriftarten so genannte Web Fonts, die von Google bereitgestellt werden. Beim Aufruf einer Seite l\u00e4dt Ihr Browser die ben\u00f6tigten Web Fonts in ihren Browsercache, um Texte und Schriftarten korrekt anzuzeigen.<\/span><\/span><\/p>\n<p><span style=\"font-family: Source Sans Pro, serif;\"><span style=\"font-size: medium;\"><span style=\"font-family: Source Sans Pro, serif;\">Zu diesem Zweck muss der von Ihnen verwendete Browser Verbindung zu den Servern von Google aufnehmen. Hierdurch erlangt Google Kenntnis dar\u00fcber, dass \u00fcber Ihre IP-Adresse unsere Website aufgerufen wurde. Die Nutzung von Google Web Fonts erfolgt im Interesse einer einheitlichen und ansprechenden Darstellung unserer Online-Angebote. Dies stellt ein berechtigtes Interesse im Sinne von \u00a7 6 Nr. 3 DSG-EKD dar.<\/span><\/span><\/span><\/p>\n<p><span style=\"font-family: Source Sans Pro, serif;\"><span style=\"font-family: Source Sans Pro, serif;\">Wenn Ihr Browser Web Fonts nicht unterst\u00fctzt, wird eine Standardschrift von Ihrem Computer genutzt.<\/span><\/span><\/p>\n<p><span style=\"font-family: Source Sans Pro, serif;\"><span style=\"font-family: Source Sans Pro, serif;\">&gt;Weitere Informationen zu Google Web Fonts finden Sie unter <a href=\"https:\/\/developers.google.com\/fonts\/faq\">https:\/\/developers.google.com\/fonts\/faq<\/a> und in der Datenschutzerkl\u00e4rung von Google: <a href=\"https:\/\/www.google.com\/policies\/privacy\/\">https:\/\/www.google.com\/policies\/privacy\/<\/a>.<\/span><\/span><\/p>\n<p>&nbsp;<\/p>\n<p><span style=\"font-family: Source Sans Pro, serif;\"><b>III. Betroffenenrechte<\/b><\/span><span style=\"font-family: Source Sans Pro, serif;\"><br \/>\nSie haben als betroffene Person das Recht auf Auskunft nach \u00a7 19 DSG-EKD, das Recht auf Berichtigung nach \u00a7 20 DSG-EKD, das Recht auf L\u00f6schung nach \u00a7 21 DSG-EKD, das Recht auf Einschr\u00e4nkung der Verarbeitung nach \u00a7 22 DSG-EKD sowie das Recht auf Daten\u00fcbertragbarkeit nach \u00a7 24 DSG-EKD. Dar\u00fcber hinaus besteht ein Beschwerderecht bei einer Datenschutzaufsichtsbeh\u00f6rde (\u00a7 46 DSG-EKD in Verbindung mit \u00a7&nbsp;39 DSG-EKD).<\/span><\/p>\n<p><span style=\"font-family: Source Sans Pro, serif;\"><b>IV. Automatisierte Entscheidungen im Einzelfall einschlie\u00dflich Profiling<\/b><\/span><span style=\"font-family: Source Sans Pro, serif;\"><br \/>\nAutomatisierte Entscheidungen im Einzelfall einschlie\u00dflich Profiling erfolgen nicht.<\/span><\/p>\n<p><span style=\"font-family: Source Sans Pro, serif;\"><b>V. Mitteilungspflichten des Verantwortlichen<\/b><\/span><span style=\"font-family: Source Sans Pro, serif;\"><br \/>\nWir teilen gem\u00e4\u00df \u00a7 23 DSG-EKD allen Empf\u00e4ngern, denen Ihre personenbezogenen Daten offengelegt wurden, jede Berichtigung oder L\u00f6schung ihrer personenbezogenen Daten oder eine Einschr\u00e4nkung der Verarbeitung nach \u00a7\u00a7 20 &#8211; 22 DSG-EKD mit, es sei denn, die Mitteilung ist unm\u00f6glich oder ist mit einem unverh\u00e4ltnism\u00e4\u00dfigen Aufwand verbunden.<br \/>\nWir unterrichten Sie \u00fcber die Empf\u00e4nger, wenn Sie dies verlangen.<\/span><\/p>\n<p><span style=\"font-family: Source Sans Pro, serif;\"><b>VI. Widerspruchsrecht<\/b><\/span><span style=\"font-family: Source Sans Pro, serif;\"><br \/>\nSie haben das Recht gem\u00e4\u00df \u00a7 25 DSG-EKD, aus Gr\u00fcnden, die sich aus Ihrer besonderen Situation ergeben, jederzeit gegen die Verarbeitung der Sie betreffenden personenbezogenen Daten aufgrund von \u00a7 6 Nr. 1, 3, 4 oder 8 DSG-EKD Widerspruch einzulegen. Werden personenbezogene Daten verarbeitet, um Direktwerbung zu betreiben, so haben Sie das Recht, jederzeit Widerspruch gegen die Verarbeitung sie betreffender personenbezogener Daten zum Zwecke derartiger Werbung einzulegen.<\/span><\/p>\n<p><span style=\"font-family: Source Sans Pro, serif;\"><b>VII. Widerruf Ihrer Einwilligung zur Datenverarbeitung<\/b><\/span><span style=\"font-family: Source Sans Pro, serif;\"><br \/>\nSie haben gem\u00e4\u00df \u00a7 11 Abs. 3 DSG-EKD das Recht, Ihre Einwilligung jederzeit zu widerrufen. Die Rechtm\u00e4\u00dfigkeit der aufgrund der Einwilligung bis zum Widerruf erfolgten Verarbeitung wird hiervon nicht ber\u00fchrt. Damit gilt der Widerruf immer nur f\u00fcr die nach dem Widerruf geplante Verarbeitung. Der Widerruf ist formlos m\u00f6glich. Legen Sie Widerspruch ein, werden wir Ihre personenbezogenen Daten nicht mehr verarbeiten, es sei denn, eine andere (gesetzliche) Grundlage gestattet dies. Erfolgt jedoch ein Widerruf und es liegt kein anderer Erlaubnistatbestand vor, so m\u00fcssen gem\u00e4\u00df \u00a7 21 Abs. 1 Nr. 3 DSG-EKD die personenbezogenen Daten auf Ihren Wunsch hin unverz\u00fcglich gel\u00f6scht werden.<\/span><\/p>\n<p><span style=\"font-family: Source Sans Pro, serif;\"><b>VIII. Recht auf Beschwerde bei der zust\u00e4ndigen Aufsichtsbeh\u00f6rde<\/b><\/span><span style=\"font-family: Source Sans Pro, serif;\"><br \/>\nAls Betroffener steht Ihnen im Falle eines datenschutzrechtlichen Versto\u00dfes ein Beschwerderecht bei der zust\u00e4ndigen Aufsichtsbeh\u00f6rde zu.<br \/>\nDie Aufgaben der Datenschutzaufsicht des CVJM werden durch die Evangelische Kirche in Deutschland mit der Dienststelle \u201eBeauftragter f\u00fcr den Datenschutz der EKD\u201c, wahrgenommen.<br \/>\nDer Beauftragte f\u00fcr den Datenschutz der Evangelischen Kirche in Deutschland<br \/>\n&#8211; Au\u00dfenstelle Berlin &#8211;<br \/>\nInvalidenstra\u00dfe 29<br \/>\n10115 Berlin<br \/>\nTelefon: 030 2005157-0<br \/>\nTelefax: 030 2005157-20<br \/>\nE-Mail: <\/span><a href=\"mailto:ost@datenschutz.ekd.de\"><span style=\"color: #0000ff;\"><span style=\"font-family: Source Sans Pro, serif;\"><u>ost@datenschutz.ekd.de<\/u><\/span><\/span><\/a><span style=\"font-family: Source Sans Pro, serif;\"><br \/>\nInternet: <\/span><a href=\"https:\/\/datenschutz.ekd.de\/datenschutz\/\"><span style=\"color: #0000ff;\"><span style=\"font-family: Source Sans Pro, serif;\"><u>https:\/\/datenschutz.ekd.de\/datenschutz\/<\/u><\/span><\/span><\/a><\/p>\n","protected":false},"excerpt":{"rendered":"<p>Datenschutzerkl\u00e4rung des CVJM Sachsen-Anhalt I. Allgemeines Wir, der CVJM Landesverband Sachsen-Anhalt (im Folgenden \u201eCVJM\u201c oder \u201ewir\u201c genannt), nehmen den Schutz Ihrer personenbezogenen Daten und die diesem Schutz dienenden gesetzlichen Verpflichtungen ernst. Die gesetzlichen Vorgaben verlangen umfassende Transparenz \u00fcber die Verarbeitung personenbezogener Daten. Nur wenn die Verarbeitung f\u00fcr Sie als betroffene Person nachvollziehbar ist, sind Sie [&hellip;]<\/p>\n","protected":false},"author":12,"featured_media":0,"parent":0,"menu_order":0,"comment_status":"closed","ping_status":"closed","template":"","meta":{"ngg_post_thumbnail":0,"footnotes":""},"class_list":["post-4112","page","type-page","status-publish","hentry"],"aioseo_notices":[],"_links":{"self":[{"href":"https:\/\/www.konficastle.de\/mansfeld\/wp-json\/wp\/v2\/pages\/4112","targetHints":{"allow":["GET"]}}],"collection":[{"href":"https:\/\/www.konficastle.de\/mansfeld\/wp-json\/wp\/v2\/pages"}],"about":[{"href":"https:\/\/www.konficastle.de\/mansfeld\/wp-json\/wp\/v2\/types\/page"}],"author":[{"embeddable":true,"href":"https:\/\/www.konficastle.de\/mansfeld\/wp-json\/wp\/v2\/users\/12"}],"replies":[{"embeddable":true,"href":"https:\/\/www.konficastle.de\/mansfeld\/wp-json\/wp\/v2\/comments?post=4112"}],"version-history":[{"count":5,"href":"https:\/\/www.konficastle.de\/mansfeld\/wp-json\/wp\/v2\/pages\/4112\/revisions"}],"predecessor-version":[{"id":4130,"href":"https:\/\/www.konficastle.de\/mansfeld\/wp-json\/wp\/v2\/pages\/4112\/revisions\/4130"}],"wp:attachment":[{"href":"https:\/\/www.konficastle.de\/mansfeld\/wp-json\/wp\/v2\/media?parent=4112"}],"curies":[{"name":"wp","href":"https:\/\/api.w.org\/{rel}","templated":true}]}}