{"id":30,"date":"2013-01-06T20:23:55","date_gmt":"2013-01-06T18:23:55","guid":{"rendered":"http:\/\/www.konficastle.de\/mansfeld\/?page_id=30"},"modified":"2025-11-24T23:27:25","modified_gmt":"2025-11-24T21:27:25","slug":"impressum","status":"publish","type":"page","link":"https:\/\/www.konficastle.de\/mansfeld\/impressum\/","title":{"rendered":"Impressum"},"content":{"rendered":"<h2>Verantwortlich <span style=\"font-size: 11px;\">(Angaben gem\u00e4\u00df \u00a75 DDG)<\/span><\/h2>\n<p>CVJM Landesverband Sachsen-Anhalt e.V.<br \/>\nSt.-Michael-Str. 46<br \/>\n39112 Magdeburg<\/p>\n<p>B\u00fcro:<br \/>\nCVJM Landesverband Sachsen-Anhalt e.V.<br \/>\nGeiststra\u00dfe 29<br \/>\n06108 Halle (Saale)<\/p>\n<p><span style=\"font-size: 10pt;\"><strong>Telefon:<\/strong> 0391 \/ 280 334 &#8211; 0<br \/>\n<\/span><span style=\"font-size: 10pt;\"><strong>Mail:<\/strong> <\/span><span style=\"font-size: 10pt;\"><a href=\"mailto:info@cvjm-sachsen-anhalt.de\">info@cvjm-sachsen-anhalt.de<\/a><strong><br \/>\nWeb<\/strong>: <\/span><span style=\"font-size: 10pt;\"><a href=\"https:\/\/www.cvjm-sachsen-anhalt.de\/\">www.cvjm-sachsen-anhalt.de<\/a><\/span><\/p>\n<p>Hinweis<\/p>\n<p>Der CVJM Sachsen-Anhalt \u00fcbernimmt keine Verantwortung f\u00fcr die Inhalte von Internetseiten Dritter, die \u00fcber Links erreicht werden. Die Links werden bei der Aufnahme nur kursorisch angesehen und bewertet. Eine kontinuierliche Pr\u00fcfung der Inhalte ist weder beabsichtigt noch m\u00f6glich. Der CVJM Sachsen-Anhalt distanziert sich ausdr\u00fccklich von allen Inhalten, die m\u00f6glicherweise straf- oder haftungsrechtlich relevant sind oder gegen die guten Sitten versto\u00dfen.<\/p>\n<p>Disclaimer (PIWIK)<\/p>\n<p>Auf diesen Webseiten wird die Open-Source-Software PIWIK zur statistischen Auswertung der Nutzung eingesetzt. Aus diesen Daten werden unter einem Pseudonym Nutzungsprofile erstellt. Die mit der PIWIK-Technologie erhobenen Daten werden ohne die gesondert erteilte Zustimmung des Betroffenen nicht dazu benutzt, den Besucher dieser Website pers\u00f6nlich zu identifizieren und nicht mit personenbezogenen Daten \u00fcber den Tr\u00e4ger des Pseudonyms zusammengef\u00fchrt. Die mit PIWIK erzeugten Auswertungen sind demzufolge vollst\u00e4ndig anonymisiert und lassen sich nicht zur Identifikation einzelner Personen verwenden.Eine Verkn\u00fcpfung der durch PIWIK gespeicherten Daten mit anderen Datenquellen oder eine Weitergabe an Dritte findet nicht statt.<br \/>\n<iframe style=\"border: 0; height: 200px; width: 100%;\" src=\"https:\/\/piwik.cvjm-sachsen-anhalt.de\/index.php?module=CustomOptOut&amp;action=optOut&amp;idSite=3&amp;language=de\"><\/iframe><\/p>\n","protected":false},"excerpt":{"rendered":"<p>Verantwortlich (Angaben gem\u00e4\u00df \u00a75 DDG) CVJM Landesverband Sachsen-Anhalt e.V. St.-Michael-Str. 46 39112 Magdeburg B\u00fcro: CVJM Landesverband Sachsen-Anhalt e.V. Geiststra\u00dfe 29 06108 Halle (Saale) Telefon: 0391 \/ 280 334 &#8211; 0 Mail: info@cvjm-sachsen-anhalt.de Web: www.cvjm-sachsen-anhalt.de Hinweis Der CVJM Sachsen-Anhalt \u00fcbernimmt keine Verantwortung f\u00fcr die Inhalte von Internetseiten Dritter, die \u00fcber Links erreicht werden. Die Links werden [&hellip;]<\/p>\n","protected":false},"author":12,"featured_media":0,"parent":0,"menu_order":0,"comment_status":"closed","ping_status":"open","template":"","meta":{"ngg_post_thumbnail":0,"footnotes":""},"class_list":["post-30","page","type-page","status-publish","hentry"],"aioseo_notices":[],"_links":{"self":[{"href":"https:\/\/www.konficastle.de\/mansfeld\/wp-json\/wp\/v2\/pages\/30","targetHints":{"allow":["GET"]}}],"collection":[{"href":"https:\/\/www.konficastle.de\/mansfeld\/wp-json\/wp\/v2\/pages"}],"about":[{"href":"https:\/\/www.konficastle.de\/mansfeld\/wp-json\/wp\/v2\/types\/page"}],"author":[{"embeddable":true,"href":"https:\/\/www.konficastle.de\/mansfeld\/wp-json\/wp\/v2\/users\/12"}],"replies":[{"embeddable":true,"href":"https:\/\/www.konficastle.de\/mansfeld\/wp-json\/wp\/v2\/comments?post=30"}],"version-history":[{"count":2,"href":"https:\/\/www.konficastle.de\/mansfeld\/wp-json\/wp\/v2\/pages\/30\/revisions"}],"predecessor-version":[{"id":4627,"href":"https:\/\/www.konficastle.de\/mansfeld\/wp-json\/wp\/v2\/pages\/30\/revisions\/4627"}],"wp:attachment":[{"href":"https:\/\/www.konficastle.de\/mansfeld\/wp-json\/wp\/v2\/media?parent=30"}],"curies":[{"name":"wp","href":"https:\/\/api.w.org\/{rel}","templated":true}]}}